{"id":150,"date":"2024-10-05T17:20:04","date_gmt":"2024-10-05T14:20:04","guid":{"rendered":"https:\/\/lawhub.info\/?page_id=150"},"modified":"2025-11-09T20:03:02","modified_gmt":"2025-11-09T17:03:02","slug":"%d8%a7%d9%84%d8%b1%d8%a6%d9%8a%d8%b3%d9%8a%d8%a9","status":"publish","type":"page","link":"https:\/\/lawhub.info\/fr\/","title":{"rendered":""},"content":{"rendered":"\n<p><\/p>\n\n\n<section class=\"zoom-social-icons-shortcode\">\n\t\t\n<ul class=\"zoom-social-icons-list zoom-social-icons-list--with-canvas zoom-social-icons-list--round zoom-social-icons-list--align-center zoom-social-icons-list--no-labels\">\n\n\t\t\n\t\t\t\t<li class=\"zoom-social_icons-list__item\">\n\t\t<a class=\"zoom-social_icons-list__link\" href=\"https:\/\/linktr.ee\/LAWHUBinfo\" target=\"_blank\" title=\"Linktree\" rel=\"noopener noreferrer\">\n\t\t\t\t\t\t\t\t\t\n\t\t\t\t\t\t<span class=\"screen-reader-text\">palmtree<\/span>\n\t\t\t\n\t\t\t\t\t\t<span class=\"zoom-social_icons-list-span social-icon dashicons dashicons-palmtree\" data-hover-rule=\"background-color\" data-hover-color=\"#1e73be\" style=\"background-color : #1e73be; font-size: 18px; padding:8px\" ><\/span>\n\t\t\t\n\t\t\t\t\t<\/a>\n\t<\/li>\n\n\t\n\t\t\t\t<li class=\"zoom-social_icons-list__item\">\n\t\t<a class=\"zoom-social_icons-list__link\" href=\"https:\/\/www.youtube.com\/@lawhubinfo\" target=\"_blank\" title=\"Youtube\" rel=\"noopener noreferrer\">\n\t\t\t\t\t\t\t\t\t\n\t\t\t\t\t\t<span class=\"screen-reader-text\">youtube<\/span>\n\t\t\t\n\t\t\t\t\t\t<span class=\"zoom-social_icons-list-span social-icon socicon socicon-youtube\" data-hover-rule=\"background-color\" data-hover-color=\"#e02a20\" style=\"background-color : #e02a20; font-size: 18px; padding:8px\" ><\/span>\n\t\t\t\n\t\t\t\t\t<\/a>\n\t<\/li>\n\n\t\n\t\t\t\t<li class=\"zoom-social_icons-list__item\">\n\t\t<a class=\"zoom-social_icons-list__link\" href=\"https:\/\/www.instagram.com\/lawhub.info\/\" target=\"_blank\" title=\"Instagram\" rel=\"noopener noreferrer\">\n\t\t\t\t\t\t\t\t\t\n\t\t\t\t\t\t<span class=\"screen-reader-text\">instagram<\/span>\n\t\t\t\n\t\t\t\t\t\t<span class=\"zoom-social_icons-list-span social-icon socicon socicon-instagram\" data-hover-rule=\"background-color\" data-hover-color=\"#e4405f\" style=\"background-color : #e4405f; font-size: 18px; padding:8px\" ><\/span>\n\t\t\t\n\t\t\t\t\t<\/a>\n\t<\/li>\n\n\t\n\t\t\t\t<li class=\"zoom-social_icons-list__item\">\n\t\t<a class=\"zoom-social_icons-list__link\" href=\"https:\/\/t.me\/LAWHUBinfo\" target=\"_blank\" title=\"Telegram\" rel=\"noopener noreferrer\">\n\t\t\t\t\t\t\t\t\t\n\t\t\t\t\t\t<span class=\"screen-reader-text\">telegram<\/span>\n\t\t\t\n\t\t\t\t\t\t<span class=\"zoom-social_icons-list-span social-icon socicon socicon-telegram\" data-hover-rule=\"background-color\" data-hover-color=\"#0088cc\" style=\"background-color : #0088cc; font-size: 18px; padding:8px\" ><\/span>\n\t\t\t\n\t\t\t\t\t<\/a>\n\t<\/li>\n\n\t\n\t\t\t\t<li class=\"zoom-social_icons-list__item\">\n\t\t<a class=\"zoom-social_icons-list__link\" href=\"https:\/\/www.facebook.com\/LAWHUB.info\" target=\"_blank\" title=\"Facebook\" rel=\"noopener noreferrer\">\n\t\t\t\t\t\t\t\t\t\n\t\t\t\t\t\t<span class=\"screen-reader-text\">facebook<\/span>\n\t\t\t\n\t\t\t\t\t\t<span class=\"zoom-social_icons-list-span social-icon socicon socicon-facebook\" data-hover-rule=\"background-color\" data-hover-color=\"#0866FF\" style=\"background-color : #0866FF; font-size: 18px; padding:8px\" ><\/span>\n\t\t\t\n\t\t\t\t\t<\/a>\n\t<\/li>\n\n\t\n<\/ul>\n\n\t\t<\/section>\n\n\n\n<center>\n<a href=\"https:\/\/play.google.com\/store\/apps\/details?id=info.lawhub.app\" target=\"_blank\" rel=\" noreferrer noopener\"><img loading=\"lazy\" decoding=\"async\"  width=\"150\" height=\"75\" src=\"https:\/\/lawhub.info\/wp-content\/uploads\/2025\/04\/google_play.png\" alt=\"\"><\/a>\n<\/center>\n\n\n<form role=\"search\" method=\"get\" action=\"https:\/\/lawhub.info\/fr\/\" class=\"wp-block-search__button-outside wp-block-search__text-button wp-block-search\"    ><label class=\"wp-block-search__label\" for=\"wp-block-search__input-1\" >\u0627\u0644\u0628\u062d\u062b<\/label><div class=\"wp-block-search__inside-wrapper\" ><input class=\"wp-block-search__input\" id=\"wp-block-search__input-1\" placeholder=\"\" value=\"\" type=\"search\" name=\"s\" required \/><button aria-label=\"\u0627\u0644\u0628\u062d\u062b\" class=\"wp-block-search__button wp-element-button\" type=\"submit\" >\u0627\u0644\u0628\u062d\u062b<\/button><\/div><\/form>\n\n\n<p><\/p>\n\n\n\n<p class=\"has-text-align-center has-vivid-cyan-blue-background-color has-background\" style=\"font-size:16px\"><strong><mark style=\"background-color:rgba(0, 0, 0, 0)\" class=\"has-inline-color has-white-color\">Sections principales<\/mark><\/strong><\/p>\n\n\n\n\n\n<p class=\"has-text-align-center has-vivid-cyan-blue-background-color has-background\" style=\"font-size:16px\"><strong><mark style=\"background-color:rgba(0, 0, 0, 0)\" class=\"has-inline-color has-white-color\">Derniers articles<\/mark><\/strong><\/p>\n\n\n<ul class=\"wp-block-latest-posts__list wp-block-latest-posts\"><li><a class=\"wp-block-latest-posts__post-title\" href=\"https:\/\/lawhub.info\/fr\/?p=15951\">france &#8211; Code de proc\u00e9dure p\u00e9nale<\/a><\/li>\n<li><a class=\"wp-block-latest-posts__post-title\" href=\"https:\/\/lawhub.info\/fr\/?p=15948\">Loi n\u00b0 174 de 2025 : Le nouveau Code de proc\u00e9dure p\u00e9nale en \u00c9gypte<\/a><\/li>\n<li><a class=\"wp-block-latest-posts__post-title\" href=\"https:\/\/lawhub.info\/fr\/?p=15945\">La Cour d&#8217;appel de Paris d\u00e9cide de lib\u00e9rer Sarkozy et de le placer sous contr\u00f4le judiciaire.<\/a><\/li>\n<li><a class=\"wp-block-latest-posts__post-title\" href=\"https:\/\/lawhub.info\/fr\/?p=15930\">\u2696\ufe0f Les sanctions et recours en droit fran\u00e7ais \u2013 2025<\/a><\/li>\n<li><a class=\"wp-block-latest-posts__post-title\" href=\"https:\/\/lawhub.info\/fr\/?p=15928\">\ud83c\udf93 Le droit des \u00e9tudiants \u00e9trangers apr\u00e8s leurs \u00e9tudes en France \u2013 2025<\/a><\/li>\n<\/ul>","protected":false},"excerpt":{"rendered":"<p>Sections principales Derniers articles<\/p>\n","protected":false},"author":1,"featured_media":0,"parent":0,"menu_order":0,"comment_status":"closed","ping_status":"closed","template":"","meta":{"footnotes":""},"class_list":["post-150","page","type-page","status-publish","hentry"],"_links":{"self":[{"href":"https:\/\/lawhub.info\/fr\/index.php?rest_route=\/wp\/v2\/pages\/150","targetHints":{"allow":["GET"]}}],"collection":[{"href":"https:\/\/lawhub.info\/fr\/index.php?rest_route=\/wp\/v2\/pages"}],"about":[{"href":"https:\/\/lawhub.info\/fr\/index.php?rest_route=\/wp\/v2\/types\/page"}],"author":[{"embeddable":true,"href":"https:\/\/lawhub.info\/fr\/index.php?rest_route=\/wp\/v2\/users\/1"}],"replies":[{"embeddable":true,"href":"https:\/\/lawhub.info\/fr\/index.php?rest_route=%2Fwp%2Fv2%2Fcomments&post=150"}],"version-history":[{"count":6,"href":"https:\/\/lawhub.info\/fr\/index.php?rest_route=\/wp\/v2\/pages\/150\/revisions"}],"predecessor-version":[{"id":1157,"href":"https:\/\/lawhub.info\/fr\/index.php?rest_route=\/wp\/v2\/pages\/150\/revisions\/1157"}],"wp:attachment":[{"href":"https:\/\/lawhub.info\/fr\/index.php?rest_route=%2Fwp%2Fv2%2Fmedia&parent=150"}],"curies":[{"name":"wp","href":"https:\/\/api.w.org\/{rel}","templated":true}]}}